{"id":89,"date":"2022-02-22T12:47:46","date_gmt":"2022-02-22T12:47:46","guid":{"rendered":"https:\/\/www.aaitq.com\/?page_id=89"},"modified":"2023-05-10T02:01:09","modified_gmt":"2023-05-09T23:01:09","slug":"%d8%a7%d9%84%d8%ae%d8%af%d9%85%d8%a7%d8%aa","status":"publish","type":"page","link":"https:\/\/www.aaitq.com\/fr\/%d8%a7%d9%84%d8%ae%d8%af%d9%85%d8%a7%d8%aa\/","title":{"rendered":"Prestations de service"},"content":{"rendered":"<p><div class=\"et_d4_element et_pb_section et_pb_section_0 et_pb_section_parallax et_pb_with_background  et_pb_css_mix_blend_mode et_pb_fullwidth_section et_section_regular section_has_divider et_pb_top_divider et_block_section\" >\n\t\t\t\t<div class=\"et_pb_top_inside_divider et-no-transition\"><\/div>\n\t\t\t\t<span class=\"et_parallax_bg_wrap et-pb-parallax-wrapper\"><span\n\t\t\t\t\t\tclass=\"et_parallax_bg et_parallax_bg--et_pb_section_0\"\n\t\t\t\t\t\tstyle=\"background-image: url(https:\/\/aaitq.com\/wp-content\/uploads\/2023\/05\/Group-1000001597.png);\"\n\t\t\t\t\t><\/span><\/span>\n\t\t\t\t\n\t\t\t\t\n\t\t\t\t\n\t\t\t\t\n\t\t\t\t<section class=\"et_pb_module et_d4_element et_pb_fullwidth_header et_pb_fullwidth_header_0 et_animated et_hover_enabled  et_pb_css_mix_blend_mode et_pb_text_align_center et_pb_bg_layout_dark\">\n\t\t\t\t\n\t\t\t\t\n\t\t\t\t\n\t\t\t\t\n\t\t\t\t<div class=\"et_pb_fullwidth_header_container center\">\n\t\t\t\t\t<div class=\"header-content-container center\">\n\t\t\t\t\t<div class=\"header-content\">\n\t\t\t\t\t\t\n\t\t\t\t\t\t\n\t\t\t\t\t\t<span class=\"et_pb_fullwidth_header_subhead\">Services AAITQ<\/span>\n\t\t\t\t\t\t<div class=\"et_pb_header_content_wrapper\"><\/div>\n\t\t\t\t\t\t\n\t\t\t\t\t<\/div>\n\t\t\t\t<\/div>\n\t\t\t\t\t\n\t\t\t\t<\/div>\n\t\t\t\t<div class=\"et_pb_fullwidth_header_overlay\"><\/div>\n\t\t\t\t<div class=\"et_pb_fullwidth_header_scroll\"><\/div>\n\t\t\t<\/section>\n\t\t\t\t\n\t\t\t\t\n\t\t\t<\/div><div class=\"et_d4_element et_pb_section et_pb_section_1  et_pb_css_mix_blend_mode et_section_regular et_block_section\" >\n\t\t\t\t\n\t\t\t\t\n\t\t\t\t\n\t\t\t\t\n\t\t\t\t\n\t\t\t\t\n\t\t\t\t<div class=\"et_d4_element et_pb_row et_pb_row_0 et_pb_equal_columns et_pb_gutters3  et_pb_css_mix_blend_mode et_block_row\">\n\t\t\t\t<div class=\"et_d4_element et_pb_column_4_4 et_pb_column et_pb_column_0  et_pb_css_mix_blend_mode et-last-child et_block_column\">\n\t\t\t\t\n\t\t\t\t\n\t\t\t\t\n\t\t\t\t\n\t\t\t\t<div class=\"et_pb_module et_d4_element et_pb_text et_pb_text_0  et_pb_text_align_left et_pb_bg_layout_light\">\n\t\t\t\t\n\t\t\t\t\n\t\t\t\t\n\t\t\t\t\n\t\t\t\t<div class=\"et_pb_text_inner\"><h1 style=\"text-align: center;\">Que proposons-nous ?<\/h1><\/div>\n\t\t\t<\/div><div class=\"et_pb_module et_d4_element et_pb_text et_pb_text_1  et_pb_text_align_left et_pb_bg_layout_light\">\n\t\t\t\t\n\t\t\t\t\n\t\t\t\t\n\t\t\t\t\n\t\t\t\t<div class=\"et_pb_text_inner\"><p style=\"text-align: center;\">Nous travaillons \u00e0 l&#039;AAITQ \u00e0 travers une m\u00e9thodologie de travail professionnelle et professionnellement actualis\u00e9e, et dans chaque unit\u00e9 de nombreux services en d\u00e9coulent.Chaque unit\u00e9 est supervis\u00e9e par un groupe d&#039;experts dans leurs domaines afin d&#039;atteindre les meilleurs standards pour am\u00e9liorer la qualit\u00e9 de la performance et \u00e9lever comp\u00e9tence professionnelle \u00e0 travers les services fournis.<\/p><\/div>\n\t\t\t<\/div>\n\t\t\t<\/div>\n\t\t\t\t\n\t\t\t\t\n\t\t\t\t\n\t\t\t\t\n\t\t\t<\/div>\n\t\t\t\t\n\t\t\t\t\n\t\t\t<\/div><div class=\"et_d4_element et_pb_section et_pb_section_2 et_pb_with_background  et_pb_css_mix_blend_mode et_section_regular et_block_section\" >\n\t\t\t\t\n\t\t\t\t\n\t\t\t\t\n\t\t\t\t\n\t\t\t\t\n\t\t\t\t\n\t\t\t\t<div class=\"et_d4_element et_pb_row et_pb_row_1  et_pb_css_mix_blend_mode et_block_row\">\n\t\t\t\t<div class=\"et_d4_element et_pb_column_1_5 et_pb_column et_pb_column_1  et_pb_css_mix_blend_mode et_block_column et_pb_column_empty\">\n\t\t\t\t\n\t\t\t\t\n\t\t\t\t\n\t\t\t\t\n\t\t\t\t\n\t\t\t<\/div><div class=\"et_d4_element et_pb_column_3_5 et_pb_column et_pb_column_2  et_pb_css_mix_blend_mode et_block_column\">\n\t\t\t\t\n\t\t\t\t\n\t\t\t\t\n\t\t\t\t\n\t\t\t\t<div class=\"et_pb_module et_d4_element et_pb_text et_pb_text_2  et_pb_text_align_left et_pb_bg_layout_dark\">\n\t\t\t\t\n\t\t\t\t\n\t\t\t\t\n\t\t\t\t\n\t\t\t\t<div class=\"et_pb_text_inner\"><h2 style=\"text-align: center;\"><span style=\"color: #ffffff;\">D\u00e9partement d&#039;accr\u00e9ditation et de m\u00e9thodologie<\/span><\/h2><\/div>\n\t\t\t<\/div><div class=\"et_pb_module et_d4_element et_pb_text et_pb_text_3  et_pb_text_align_left et_pb_bg_layout_dark\">\n\t\t\t\t\n\t\t\t\t\n\t\t\t\t\n\t\t\t\t\n\t\t\t\t<div class=\"et_pb_text_inner\"><h6 style=\"text-align: center;\"><span style=\"color: #ffffff;\">Services fournis par la Section Accr\u00e9ditation et M\u00e9thodologie<\/span><\/h6><\/div>\n\t\t\t<\/div>\n\t\t\t<\/div><div class=\"et_d4_element et_pb_column_1_5 et_pb_column et_pb_column_3  et_pb_css_mix_blend_mode et-last-child et_block_column et_pb_column_empty\">\n\t\t\t\t\n\t\t\t\t\n\t\t\t\t\n\t\t\t\t\n\t\t\t\t\n\t\t\t<\/div>\n\t\t\t\t\n\t\t\t\t\n\t\t\t\t\n\t\t\t\t\n\t\t\t<\/div><div class=\"et_d4_element et_pb_row et_pb_row_2 et_pb_equal_columns et_pb_gutters2  et_pb_css_mix_blend_mode et_block_row\">\n\t\t\t\t<div class=\"et_d4_element et_pb_column_1_2 et_pb_column et_pb_column_4  et_pb_css_mix_blend_mode et_block_column\">\n\t\t\t\t\n\t\t\t\t\n\t\t\t\t\n\t\t\t\t\n\t\t\t\t<div class=\"et_pb_with_border et_pb_module et_d4_element et_pb_text et_pb_text_4  et_pb_text_align_left et_pb_bg_layout_light\">\n\t\t\t\t\n\t\t\t\t\n\t\t\t\t\n\t\t\t\t\n\t\t\t\t<div class=\"et_pb_text_inner\"><h1 style=\"text-align: right;\"><span style=\"color: #000080;\">Approuver et autoriser les programmes de formation et les modules de formation.<\/span><\/h1>\n<h6 style=\"text-align: right;\">Nous approuvons les sacs de formation et les programmes de formation selon les normes les plus importantes pour les \u00e9coles internationales dans la fabrication de mat\u00e9riel scientifique et de formation.Toutes les proc\u00e9dures sont soumises \u00e0 la supervision de sp\u00e9cialistes et d&#039;experts dans ce domaine.Obtention de l&#039;accr\u00e9ditation du sac\/programme de la American Association for the Improvement of Training Quality revient \u00e0 sceller la cr\u00e9dibilit\u00e9 et le professionnalisme du contenu de formation que vous dispensez. .<\/h6>\n<h6 style=\"text-align: right;\"><strong>Vous pouvez via la section<span style=\"text-decoration: underline; color: #0000ff;\"> <a href=\"https:\/\/www.aaitq.com\/fr\/%d8%a7%d9%84%d8%b7%d9%84%d8%a8%d8%a7%d8%aa\/\" style=\"color: #0000ff; text-decoration: underline;\">Demandes<\/a><\/span> obtenir ce service. <\/strong><\/h6><\/div>\n\t\t\t<\/div>\n\t\t\t<\/div><div class=\"et_d4_element et_pb_column_1_2 et_pb_column et_pb_column_5  et_pb_css_mix_blend_mode et-last-child et_block_column\">\n\t\t\t\t\n\t\t\t\t\n\t\t\t\t\n\t\t\t\t\n\t\t\t\t<div class=\"et_pb_with_border et_pb_module et_d4_element et_pb_text et_pb_text_5  et_pb_text_align_left et_pb_bg_layout_light\">\n\t\t\t\t\n\t\t\t\t\n\t\t\t\t\n\t\t\t\t\n\t\t\t\t<div class=\"et_pb_text_inner\"><h1 style=\"text-align: right;\"><span style=\"color: #000080;\">Accr\u00e9ditation et agr\u00e9ment des formateurs, consultants en formation, concepteurs et d\u00e9veloppeurs de contenus de formation<\/span><\/h1>\n<h6 style=\"text-align: right;\">Nous accr\u00e9ditons tous les travailleurs dans le domaine de la formation et du d\u00e9veloppement des talents, \u00e0 travers des proc\u00e9dures pr\u00e9cises et fluides \u00e0 la fois, l&#039;accr\u00e9ditation est accord\u00e9e que vous soyez formateur, formateur, responsable de formation, consultant pour le d\u00e9veloppement d&#039;individus ou d&#039;institutions, ou concepteur de formation forfaits ou programmes de formation ou d&#039;enseignement, toutes les proc\u00e9dures sont soumises \u00e0 Pour un ensemble de crit\u00e8res, et d\u00e8s l&#039;obtention de l&#039;accr\u00e9ditation, une relation professionnelle professionnelle est \u00e9tablie entre la Commission am\u00e9ricaine pour l&#039;am\u00e9lioration de la qualit\u00e9 de la formation et vous.Le formateur accr\u00e9dit\u00e9 re\u00e7oit un ensemble de privil\u00e8ges et de solides moyens de subsistance.<\/h6>\n<h6 style=\"text-align: right;\"><strong>Vous pouvez via la section <span style=\"text-decoration: underline;\"><span style=\"color: #0000ff;\"><a href=\"https:\/\/www.aaitq.com\/fr\/%d8%a7%d9%84%d8%b7%d9%84%d8%a8%d8%a7%d8%aa\/\" style=\"color: #0000ff; text-decoration: underline;\">Demandes<\/a><\/span><\/span> obtenir ce service. <\/strong><\/h6><\/div>\n\t\t\t<\/div>\n\t\t\t<\/div>\n\t\t\t\t\n\t\t\t\t\n\t\t\t\t\n\t\t\t\t\n\t\t\t<\/div><div class=\"et_d4_element et_pb_row et_pb_row_3 et_pb_equal_columns et_pb_gutters2  et_pb_css_mix_blend_mode et_block_row\">\n\t\t\t\t<div class=\"et_d4_element et_pb_column_1_2 et_pb_column et_pb_column_6  et_pb_css_mix_blend_mode et_block_column\">\n\t\t\t\t\n\t\t\t\t\n\t\t\t\t\n\t\t\t\t\n\t\t\t\t<div class=\"et_pb_with_border et_pb_module et_d4_element et_pb_text et_pb_text_6  et_pb_text_align_left et_pb_bg_layout_light\">\n\t\t\t\t\n\t\t\t\t\n\t\t\t\t\n\t\t\t\t\n\t\t\t\t<div class=\"et_pb_text_inner\"><h1 style=\"text-align: right;\"><span style=\"color: #333399;\">\u00a0Accr\u00e9ditation de centres, d&#039;instituts et d&#039;entreprises de formation en tant que prestataires de services de d\u00e9veloppement et de formation.<\/span><\/h1>\n<h6 style=\"text-align: right;\">Afin d&#039;op\u00e9rer avec de solides avantages concurrentiels sur le march\u00e9, il est important d&#039;obtenir l&#039;accr\u00e9ditation d&#039;une norme, d&#039;une force et d&#039;une bonne r\u00e9putation. Nous accr\u00e9ditons les entreprises et les centres de formation qui fournissent des services de formation et des programmes de formation. Les proc\u00e9dures d&#039;accr\u00e9ditation sont soumises \u00e0 la supervision d&#039;un nombre d&#039;experts et de consultants afin de s&#039;assurer que le centre \/ l&#039;entreprise fonctionne correctement, de mani\u00e8re syst\u00e9matique et correcte,<br \/>L&#039;obtention d&#039;une accr\u00e9ditation en tant que centre de formation ou entreprise signifie que vous avez obtenu le label de qualit\u00e9 et de professionnalisme pour ce que vous fournissez ou r\u00e9alisez.<\/h6>\n<h6 style=\"text-align: right;\"><strong>Vous pouvez via la section <span style=\"text-decoration: underline;\"><span style=\"color: #0000ff;\"><a href=\"https:\/\/www.aaitq.com\/fr\/%d8%a7%d9%84%d8%b7%d9%84%d8%a8%d8%a7%d8%aa\/\" style=\"color: #0000ff; text-decoration: underline;\">Demandes<\/a><\/span><\/span> obtenir ce service.<\/strong><\/h6><\/div>\n\t\t\t<\/div>\n\t\t\t<\/div><div class=\"et_d4_element et_pb_column_1_2 et_pb_column et_pb_column_7  et_pb_css_mix_blend_mode et-last-child et_block_column\">\n\t\t\t\t\n\t\t\t\t\n\t\t\t\t\n\t\t\t\t\n\t\t\t\t<div class=\"et_pb_with_border et_pb_module et_d4_element et_pb_text et_pb_text_7  et_pb_text_align_left et_pb_bg_layout_light\">\n\t\t\t\t\n\t\t\t\t\n\t\t\t\t\n\t\t\t\t\n\t\t\t\t<div class=\"et_pb_text_inner\"><h1 style=\"text-align: right;\"><span style=\"color: #333399;\">Accr\u00e9ditation et licence des programmes de formation.<\/span><\/h1>\n<h6 style=\"text-align: right;\">Le fait de ne pas fournir le programme de formation conform\u00e9ment aux normes et \u00e9tapes correctes r\u00e9duit consid\u00e9rablement les r\u00e9sultats du programme de formation et ses objectifs pour lesquels il a \u00e9t\u00e9 d\u00e9fini.Par cons\u00e9quent, nous supervisons et approuvons les programmes de formation conform\u00e9ment aux normes internationales et am\u00e9ricaines et fournissons la licence professionnelle pour ce programme.<br \/>La Commission am\u00e9ricaine vous permettra de vous adresser sans souci aux plus grandes institutions et entreprises, car vous leur fournirez un programme approuv\u00e9 par l&#039;un des organismes d&#039;accr\u00e9ditation les plus solides.<\/h6>\n<h6 style=\"text-align: right;\"><strong>Vous pouvez via la section <span style=\"text-decoration: underline;\"><span style=\"color: #0000ff;\"><a href=\"https:\/\/www.aaitq.com\/fr\/%d8%a7%d9%84%d8%b7%d9%84%d8%a8%d8%a7%d8%aa\/\" style=\"color: #0000ff; text-decoration: underline;\">Demandes<\/a><\/span><\/span> obtenir ce service.<\/strong><\/h6><\/div>\n\t\t\t<\/div>\n\t\t\t<\/div>\n\t\t\t\t\n\t\t\t\t\n\t\t\t\t\n\t\t\t\t\n\t\t\t<\/div><div class=\"et_d4_element et_pb_row et_pb_row_4 et_pb_equal_columns et_pb_gutters2  et_pb_css_mix_blend_mode et_block_row\">\n\t\t\t\t<div class=\"et_d4_element et_pb_column_1_2 et_pb_column et_pb_column_8  et_pb_css_mix_blend_mode et_block_column et_pb_column_empty\">\n\t\t\t\t\n\t\t\t\t\n\t\t\t\t\n\t\t\t\t\n\t\t\t\t\n\t\t\t<\/div><div class=\"et_d4_element et_pb_column_1_2 et_pb_column et_pb_column_9  et_pb_css_mix_blend_mode et-last-child et_block_column\">\n\t\t\t\t\n\t\t\t\t\n\t\t\t\t\n\t\t\t\t\n\t\t\t\t<div class=\"et_pb_with_border et_pb_module et_d4_element et_pb_text et_pb_text_8  et_pb_text_align_left et_pb_bg_layout_light\">\n\t\t\t\t\n\t\t\t\t\n\t\t\t\t\n\t\t\t\t\n\t\t\t\t<div class=\"et_pb_text_inner\"><h1 style=\"text-align: right;\"><span style=\"color: #333399;\">Accr\u00e9ditation et d\u00e9livrance de certificats accr\u00e9dit\u00e9s pour les programmes de formation agr\u00e9\u00e9s.<\/span><\/h1>\n<h6 style=\"text-align: right;\"><span style=\"color: #000000;\">Tous les membres et associ\u00e9s de l&#039;Autorit\u00e9 am\u00e9ricaine pour l&#039;am\u00e9lioration de la qualit\u00e9 de la formation re\u00e7oivent un certain nombre de services et d&#039;avantages distingu\u00e9s, notamment l&#039;obtention du pouvoir d&#039;accorder et de d\u00e9livrer des certificats de formation portant la signature et le sceau de l&#039;Autorit\u00e9 am\u00e9ricaine pour l&#039;am\u00e9lioration de la qualit\u00e9 de la formation. d\u00e9livr\u00e9 par l&#039;Autorit\u00e9 documente et prouve le processus de formation et donne force et preuve de professionnalisme.Pour ceux qui l&#039;ont, ce service et privil\u00e8ge est exclusivement pour tous les affili\u00e9s et accr\u00e9dit\u00e9 par l&#039;AAITQ.<\/span><\/h6>\n<h6 style=\"text-align: right;\"><strong>Vous pouvez via la section <span style=\"text-decoration: underline;\"><span style=\"color: #0000ff;\"><a href=\"https:\/\/www.aaitq.com\/fr\/%d8%a7%d9%84%d8%b7%d9%84%d8%a8%d8%a7%d8%aa\/\" style=\"color: #0000ff; text-decoration: underline;\">Demandes<\/a><\/span><\/span> obtenir ce service.<\/strong><\/h6><\/div>\n\t\t\t<\/div>\n\t\t\t<\/div>\n\t\t\t\t\n\t\t\t\t\n\t\t\t\t\n\t\t\t\t\n\t\t\t<\/div>\n\t\t\t\t\n\t\t\t\t\n\t\t\t<\/div><div class=\"et_d4_element et_pb_section et_pb_section_3 et_pb_with_background  et_pb_css_mix_blend_mode et_section_regular et_block_section\" >\n\t\t\t\t\n\t\t\t\t\n\t\t\t\t\n\t\t\t\t\n\t\t\t\t\n\t\t\t\t\n\t\t\t\t<div class=\"et_d4_element et_pb_row et_pb_row_5 et_pb_equal_columns et_pb_gutters3  et_pb_css_mix_blend_mode et_block_row\">\n\t\t\t\t<div class=\"et_d4_element et_pb_column_4_4 et_pb_column et_pb_column_10  et_pb_css_mix_blend_mode et-last-child et_block_column\">\n\t\t\t\t\n\t\t\t\t\n\t\t\t\t\n\t\t\t\t\n\t\t\t\t<div class=\"et_pb_module et_d4_element et_pb_text et_pb_text_9  et_pb_text_align_center et_pb_bg_layout_dark\">\n\t\t\t\t\n\t\t\t\t\n\t\t\t\t\n\t\t\t\t\n\t\t\t\t<div class=\"et_pb_text_inner\"><h2 style=\"text-align: center;\"><span style=\"color: #000080;\">D\u00e9partement du d\u00e9veloppement de la performance et production d&#039;outils de formation et de d\u00e9veloppement<\/span><\/h2><\/div>\n\t\t\t<\/div><div class=\"et_pb_module et_d4_element et_pb_text et_pb_text_10  et_pb_text_align_left et_pb_bg_layout_dark\">\n\t\t\t\t\n\t\t\t\t\n\t\t\t\t\n\t\t\t\t\n\t\t\t\t<div class=\"et_pb_text_inner\"><h6 style=\"text-align: center;\"><span style=\"color: #000000;\">Services rendus par la Direction du D\u00e9veloppement de la Performance et production d&#039;outils de formation et de d\u00e9veloppement<\/span><\/h6><\/div>\n\t\t\t<\/div>\n\t\t\t<\/div>\n\t\t\t\t\n\t\t\t\t\n\t\t\t\t\n\t\t\t\t\n\t\t\t<\/div><div class=\"et_d4_element et_pb_row et_pb_row_6 et_pb_equal_columns et_pb_gutters2  et_pb_css_mix_blend_mode et_block_row\">\n\t\t\t\t<div class=\"et_d4_element et_pb_column_1_2 et_pb_column et_pb_column_11  et_pb_css_mix_blend_mode et_block_column\">\n\t\t\t\t\n\t\t\t\t\n\t\t\t\t\n\t\t\t\t\n\t\t\t\t<div class=\"et_pb_with_border et_pb_module et_d4_element et_pb_text et_pb_text_11  et_pb_text_align_left et_pb_bg_layout_light\">\n\t\t\t\t\n\t\t\t\t\n\t\t\t\t\n\t\t\t\t\n\t\t\t\t<div class=\"et_pb_text_inner\"><h1 style=\"text-align: right;\">Mise en \u0153uvre de programmes de formation pour les responsables des services de formation et de d\u00e9veloppement dans les entreprises et les institutions.<\/h1>\n<h6 style=\"text-align: right;\"><span style=\"color: #000000;\">L&#039;Autorit\u00e9 am\u00e9ricaine pour l&#039;am\u00e9lioration de la qualit\u00e9 de la formation propose une liste de programmes de formation avanc\u00e9e qui s&#039;adressent aux responsables des d\u00e9partements de formation et de d\u00e9veloppement des entreprises et des institutions, \u00e0 travers une liste distingu\u00e9e de formateurs professionnels et accr\u00e9dit\u00e9s. <a href=\"https:\/\/www.aaitq.com\/fr\/%d8%a7%d9%84%d8%a8%d8%b1%d8%a7%d9%85%d8%ac-%d8%a7%d9%84%d8%aa%d8%af%d8%b1%d9%8a%d8%a8%d9%8a%d8%a9\/\"><span style=\"text-decoration: underline;\"><span style=\"color: #0000ff; text-decoration: underline;\">Montre plus<\/span><\/span><\/a><\/span><\/h6><\/div>\n\t\t\t<\/div>\n\t\t\t<\/div><div class=\"et_d4_element et_pb_column_1_2 et_pb_column et_pb_column_12  et_pb_css_mix_blend_mode et-last-child et_block_column\">\n\t\t\t\t\n\t\t\t\t\n\t\t\t\t\n\t\t\t\t\n\t\t\t\t<div class=\"et_pb_with_border et_pb_module et_d4_element et_pb_text et_pb_text_12  et_pb_text_align_left et_pb_bg_layout_light\">\n\t\t\t\t\n\t\t\t\t\n\t\t\t\t\n\t\t\t\t\n\t\t\t\t<div class=\"et_pb_text_inner\"><h1 style=\"text-align: right;\">Fournir des programmes de formation qui augmentent la comp\u00e9tence professionnelle des formateurs, des consultants en formation, des concepteurs et des d\u00e9veloppeurs de contenus de formation.<\/h1>\n<h6 style=\"text-align: right;\">L&#039;Autorit\u00e9 am\u00e9ricaine pour l&#039;am\u00e9lioration de la qualit\u00e9 de la formation propose une liste de programmes de formation distingu\u00e9s et avanc\u00e9s qui servent \u00e0 \u00e9lever la comp\u00e9tence professionnelle des formateurs et des travailleurs dans le domaine du d\u00e9veloppement et du d\u00e9veloppement des talents, ainsi que des concepteurs et d\u00e9veloppeurs de programmes de formation, \u00e0 travers une \u00e9norme liste de ses formateurs professionnels et accr\u00e9dit\u00e9s dans ces disciplines.Nous offrons tous les programmes de formation. <a href=\"https:\/\/www.aaitq.com\/fr\/%d8%a7%d9%84%d8%a8%d8%b1%d8%a7%d9%85%d8%ac-%d8%a7%d9%84%d8%aa%d8%af%d8%b1%d9%8a%d8%a8%d9%8a%d8%a9\/\"><span style=\"text-decoration: underline;\"><span style=\"color: #0000ff; text-decoration: underline;\">Montre plus<\/span><\/span><\/a><\/h6><\/div>\n\t\t\t<\/div>\n\t\t\t<\/div>\n\t\t\t\t\n\t\t\t\t\n\t\t\t\t\n\t\t\t\t\n\t\t\t<\/div><div class=\"et_d4_element et_pb_row et_pb_row_7 et_pb_equal_columns et_pb_gutters2  et_pb_css_mix_blend_mode et_block_row\">\n\t\t\t\t<div class=\"et_d4_element et_pb_column_1_2 et_pb_column et_pb_column_13  et_pb_css_mix_blend_mode et_block_column\">\n\t\t\t\t\n\t\t\t\t\n\t\t\t\t\n\t\t\t\t\n\t\t\t\t<div class=\"et_pb_with_border et_pb_module et_d4_element et_pb_text et_pb_text_13  et_pb_text_align_left et_pb_bg_layout_light\">\n\t\t\t\t\n\t\t\t\t\n\t\t\t\t\n\t\t\t\t\n\t\t\t\t<div class=\"et_pb_text_inner\"><h1 style=\"text-align: right;\">D\u00e9veloppement et production de jeux d&#039;entra\u00eenement.<\/h1>\n<h6 style=\"text-align: right;\">Gr\u00e2ce \u00e0 ce service, l&#039;Autorit\u00e9 fournit, gr\u00e2ce \u00e0 son partenariat distingu\u00e9 avec Basic Company pour le d\u00e9veloppement de programmes de formation et de solutions technologiques \u00e9ducatives, le service de d\u00e9veloppement et de production de jeux de formation.Vous pouvez obtenir ce service via la section des demandes.<\/h6>\n<h6 style=\"text-align: right;\"><strong>Vous pouvez via la section <a href=\"https:\/\/www.aaitq.com\/fr\/%d8%a7%d9%84%d8%b7%d9%84%d8%a8%d8%a7%d8%aa\/\"><span style=\"text-decoration: underline; color: #0000ff;\">Demandes<\/span><\/a> obtenir ce service.<\/strong><\/h6><\/div>\n\t\t\t<\/div>\n\t\t\t<\/div><div class=\"et_d4_element et_pb_column_1_2 et_pb_column et_pb_column_14  et_pb_css_mix_blend_mode et-last-child et_block_column\">\n\t\t\t\t\n\t\t\t\t\n\t\t\t\t\n\t\t\t\t\n\t\t\t\t<div class=\"et_pb_with_border et_pb_module et_d4_element et_pb_text et_pb_text_14  et_pb_text_align_left et_pb_bg_layout_light\">\n\t\t\t\t\n\t\t\t\t\n\t\t\t\t\n\t\t\t\t\n\t\t\t\t<div class=\"et_pb_text_inner\"><h1 style=\"text-align: right;\">D\u00e9velopper, approuver et produire des programmes de formation et des modules de formation.<\/h1>\n<h6 style=\"text-align: right;\"><span style=\"color: #000000;\">Gr\u00e2ce \u00e0 ce service, la Commission fournit, gr\u00e2ce \u00e0 son partenariat distingu\u00e9 avec Basic Company pour le d\u00e9veloppement de programmes de formation et de solutions technologiques \u00e9ducatives, le service de fabrication et de production de sacs de formation et de programmes \u00e9ducatifs.<\/span><\/h6>\n<h6 style=\"text-align: right;\"><strong><span style=\"color: #000000;\">Vous pouvez via la section <span style=\"text-decoration: underline; color: #0000ff;\"><a href=\"https:\/\/www.aaitq.com\/fr\/%d8%a7%d9%84%d8%b7%d9%84%d8%a8%d8%a7%d8%aa\/\" style=\"color: #0000ff; text-decoration: underline;\">Demandes<\/a><\/span> obtenir ce service. <\/span><\/strong><\/h6><\/div>\n\t\t\t<\/div>\n\t\t\t<\/div>\n\t\t\t\t\n\t\t\t\t\n\t\t\t\t\n\t\t\t\t\n\t\t\t<\/div><div class=\"et_d4_element et_pb_row et_pb_row_8 et_pb_equal_columns et_pb_gutters2  et_pb_css_mix_blend_mode et_block_row\">\n\t\t\t\t<div class=\"et_d4_element et_pb_column_1_2 et_pb_column et_pb_column_15  et_pb_css_mix_blend_mode et_block_column et_pb_column_empty\">\n\t\t\t\t\n\t\t\t\t\n\t\t\t\t\n\t\t\t\t\n\t\t\t\t\n\t\t\t<\/div><div class=\"et_d4_element et_pb_column_1_2 et_pb_column et_pb_column_16  et_pb_css_mix_blend_mode et-last-child et_block_column\">\n\t\t\t\t\n\t\t\t\t\n\t\t\t\t\n\t\t\t\t\n\t\t\t\t<div class=\"et_pb_with_border et_pb_module et_d4_element et_pb_text et_pb_text_15  et_pb_text_align_left et_pb_bg_layout_light\">\n\t\t\t\t\n\t\t\t\t\n\t\t\t\t\n\t\t\t\t\n\t\t\t\t<div class=\"et_pb_text_inner\"><h1 style=\"text-align: right;\">D\u00e9veloppement et production de normes et tests professionnels.<\/h1>\n<h6 style=\"text-align: right;\"><span style=\"color: #000000;\">Par ce service, la Commission fournit, \u00e0 travers son partenariat distingu\u00e9 avec Basic Company, pour le d\u00e9veloppement et la fabrication de programmes de formation et de solutions technologiques \u00e9ducatives, le service de fabrication et de production de normes et de tests professionnels.<\/span><\/h6>\n<h6 style=\"text-align: right;\"><strong><span style=\"color: #000000;\">Vous pouvez via la section <\/span><span style=\"text-decoration: underline; color: #0000ff;\"><a href=\"https:\/\/www.aaitq.com\/fr\/%d8%a7%d9%84%d8%b7%d9%84%d8%a8%d8%a7%d8%aa\/\" style=\"color: #0000ff; text-decoration: underline;\">Demandes<\/a><\/span><span style=\"color: #000000;\"> obtenir ce service. <\/span><\/strong><\/h6><\/div>\n\t\t\t<\/div>\n\t\t\t<\/div>\n\t\t\t\t\n\t\t\t\t\n\t\t\t\t\n\t\t\t\t\n\t\t\t<\/div>\n\t\t\t\t\n\t\t\t\t\n\t\t\t<\/div><\/p>","protected":false},"excerpt":{"rendered":"","protected":false},"author":1,"featured_media":0,"parent":0,"menu_order":0,"comment_status":"closed","ping_status":"closed","template":"","meta":{"_et_pb_use_builder":"on","_et_pb_old_content":"","_et_gb_content_width":"","footnotes":""},"class_list":["post-89","page","type-page","status-publish","hentry"],"_links":{"self":[{"href":"https:\/\/www.aaitq.com\/fr\/wp-json\/wp\/v2\/pages\/89","targetHints":{"allow":["GET"]}}],"collection":[{"href":"https:\/\/www.aaitq.com\/fr\/wp-json\/wp\/v2\/pages"}],"about":[{"href":"https:\/\/www.aaitq.com\/fr\/wp-json\/wp\/v2\/types\/page"}],"author":[{"embeddable":true,"href":"https:\/\/www.aaitq.com\/fr\/wp-json\/wp\/v2\/users\/1"}],"replies":[{"embeddable":true,"href":"https:\/\/www.aaitq.com\/fr\/wp-json\/wp\/v2\/comments?post=89"}],"version-history":[{"count":0,"href":"https:\/\/www.aaitq.com\/fr\/wp-json\/wp\/v2\/pages\/89\/revisions"}],"wp:attachment":[{"href":"https:\/\/www.aaitq.com\/fr\/wp-json\/wp\/v2\/media?parent=89"}],"curies":[{"name":"wp","href":"https:\/\/api.w.org\/{rel}","templated":true}]}}