{"id":159,"date":"2022-03-15T06:21:25","date_gmt":"2022-03-15T06:21:25","guid":{"rendered":"https:\/\/www.aaitq.com\/?page_id=159"},"modified":"2023-05-10T02:19:42","modified_gmt":"2023-05-09T23:19:42","slug":"%d8%a7%d9%84%d9%85%d8%af%d9%88%d9%86%d8%a9","status":"publish","type":"page","link":"https:\/\/www.aaitq.com\/fr\/%d8%a7%d9%84%d9%85%d8%af%d9%88%d9%86%d8%a9\/","title":{"rendered":"Blog"},"content":{"rendered":"<p><div class=\"et_d4_element et_pb_section et_pb_section_0 et_pb_with_background  et_pb_css_mix_blend_mode et_pb_fullwidth_section et_section_regular et_block_section\" >\n\t\t\t\t\n\t\t\t\t\n\t\t\t\t\n\t\t\t\t\n\t\t\t\t\n\t\t\t\t\n\t\t\t\t<section class=\"et_pb_module et_d4_element et_pb_fullwidth_header et_pb_fullwidth_header_0 et_hover_enabled  et_pb_css_mix_blend_mode et_pb_text_align_center et_pb_bg_layout_light\">\n\t\t\t\t\n\t\t\t\t\n\t\t\t\t\n\t\t\t\t\n\t\t\t\t<div class=\"et_pb_fullwidth_header_container center\">\n\t\t\t\t\t<div class=\"header-content-container center\">\n\t\t\t\t\t<div class=\"header-content\">\n\t\t\t\t\t\t\n\t\t\t\t\t\t<h1 class=\"et_pb_module_header\">Blog<\/h1>\n\t\t\t\t\t\t\n\t\t\t\t\t\t<div class=\"et_pb_header_content_wrapper\"><\/div>\n\t\t\t\t\t\t\n\t\t\t\t\t<\/div>\n\t\t\t\t<\/div>\n\t\t\t\t\t\n\t\t\t\t<\/div>\n\t\t\t\t<div class=\"et_pb_fullwidth_header_overlay\"><\/div>\n\t\t\t\t<div class=\"et_pb_fullwidth_header_scroll\"><\/div>\n\t\t\t<\/section>\n\t\t\t\t\n\t\t\t\t\n\t\t\t<\/div><div class=\"et_d4_element et_pb_section et_pb_section_1 et_pb_with_background  et_pb_css_mix_blend_mode et_section_regular et_block_section\" >\n\t\t\t\t\n\t\t\t\t\n\t\t\t\t\n\t\t\t\t\n\t\t\t\t\n\t\t\t\t\n\t\t\t\t<div class=\"et_d4_element et_pb_row et_pb_row_0 et_pb_equal_columns et_pb_gutters2  et_pb_css_mix_blend_mode et_block_row\">\n\t\t\t\t<div class=\"et_d4_element et_pb_column_4_4 et_pb_column et_pb_column_0  et_pb_css_mix_blend_mode et-last-child et_block_column\">\n\t\t\t\t\n\t\t\t\t\n\t\t\t\t\n\t\t\t\t\n\t\t\t\t<div class=\"et_pb_module et_d4_element et_pb_blog_0  et_pb_css_mix_blend_mode et_pb_blog_grid_wrapper et_pb_bg_layout_light\">\n\t\t\t\t\t<div class=\"et_pb_blog_grid clearfix\">\n\t\t\t\t\t\n\t\t\t\t\t\n\t\t\t\t\t\n\t\t\t\t\t\n\t\t\t\t\t<div class=\"et_pb_ajax_pagination_container\">\n\t\t\t\t\t\t<div class=\"et_pb_salvattore_content\" data-columns>\n\t\t\t<article id=\"post-2905\" class=\"et_pb_post clearfix et_pb_no_thumb et_pb_blog_item_0_0 post-2905 post type-post status-publish format-standard hentry category-25\">\n\n\t\t\t\t\n\t\t\t\t\t\t\t\t\t\t\t\t\t\t<h2 class=\"entry-title\">\n\t\t\t\t\t\t\t\t\t\t\t\t\t<a href=\"https:\/\/www.aaitq.com\/fr\/%d8%a7%d9%84%d8%a5%d8%b1%d9%87%d8%a7%d9%82-%d8%a7%d9%84%d9%88%d8%b8%d9%8a%d9%81%d9%8a-%d8%a3%d8%b3%d8%a8%d8%a7%d8%a8%d9%87-%d9%88%d9%83%d9%8a%d9%81-%d9%8a%d8%aa%d9%85-%d8%aa%d9%81%d8%a7%d8%af%d9%8a\/\">Burnout au travail : ses causes et comment l&#039;\u00e9viter ?<\/a>\n\t\t\t\t\t\t\t\t\t\t\t<\/h2>\n\t\t\t\t\n\t\t\t\t\t<p class=\"post-meta\"><a href=\"https:\/\/www.aaitq.com\/fr\/category\/%d9%85%d8%af%d9%88%d9%86%d8%a9\/\" rel=\"tag\">Blog<\/a><\/p><div class=\"post-content\"><div class=\"post-content-inner\"><p>L&#039;\u00e9puisement professionnel est une condition dans laquelle un employ\u00e9 perd toute motivation ou incitation \u00e0 travailler, ce qui entra\u00eene des sentiments de d\u00e9pression ou de stress. ...<\/p>\n<\/div><a href=\"https:\/\/www.aaitq.com\/fr\/%d8%a7%d9%84%d8%a5%d8%b1%d9%87%d8%a7%d9%82-%d8%a7%d9%84%d9%88%d8%b8%d9%8a%d9%81%d9%8a-%d8%a3%d8%b3%d8%a8%d8%a7%d8%a8%d9%87-%d9%88%d9%83%d9%8a%d9%81-%d9%8a%d8%aa%d9%85-%d8%aa%d9%81%d8%a7%d8%af%d9%8a\/\" class=\"more-link\">lire plus<\/a><\/div>\t\t\t\n\t\t\t<\/article>\n\t\t\t\t\n\t\t\t<article id=\"post-2881\" class=\"et_pb_post clearfix et_pb_no_thumb et_pb_blog_item_0_1 post-2881 post type-post status-publish format-standard hentry category-25\">\n\n\t\t\t\t\n\t\t\t\t\t\t\t\t\t\t\t\t\t\t<h2 class=\"entry-title\">\n\t\t\t\t\t\t\t\t\t\t\t\t\t<a href=\"https:\/\/www.aaitq.com\/fr\/%d8%a7%d9%84%d8%aa%d8%ad%d9%8a%d9%91%d8%b2-%d8%a7%d9%84%d9%84%d8%a7%d9%88%d8%a7%d8%b9%d9%8a-%d9%81%d9%8a-%d9%85%d9%83%d8%a7%d9%86-%d8%a7%d9%84%d8%b9%d9%85%d9%84\/\">Pr\u00e9jug\u00e9s inconscients au travail<\/a>\n\t\t\t\t\t\t\t\t\t\t\t<\/h2>\n\t\t\t\t\n\t\t\t\t\t<p class=\"post-meta\"><a href=\"https:\/\/www.aaitq.com\/fr\/category\/%d9%85%d8%af%d9%88%d9%86%d8%a9\/\" rel=\"tag\">Blog<\/a><\/p><div class=\"post-content\"><div class=\"post-content-inner\"><p>Selon le magazine am\u00e9ricain &quot;Forbes&quot;, le cerveau humain traite inconsciemment environ 11 millions d&#039;informations par seconde, alors qu&#039;il n&#039;en traite consciemment que 40 parties. Avec autant de d\u00e9cisions trait\u00e9es et prises inconsciemment, il est essentiel que les entreprises r\u00e9alisent\u2026<\/p>\n<\/div><a href=\"https:\/\/www.aaitq.com\/fr\/%d8%a7%d9%84%d8%aa%d8%ad%d9%8a%d9%91%d8%b2-%d8%a7%d9%84%d9%84%d8%a7%d9%88%d8%a7%d8%b9%d9%8a-%d9%81%d9%8a-%d9%85%d9%83%d8%a7%d9%86-%d8%a7%d9%84%d8%b9%d9%85%d9%84\/\" class=\"more-link\">lire plus<\/a><\/div>\t\t\t\n\t\t\t<\/article>\n\t\t\t\t\n\t\t\t<article id=\"post-1846\" class=\"et_pb_post clearfix et_pb_no_thumb et_pb_blog_item_0_2 post-1846 post type-post status-publish format-standard hentry category-24 category-25\">\n\n\t\t\t\t\n\t\t\t\t\t\t\t\t\t\t\t\t\t\t<h2 class=\"entry-title\">\n\t\t\t\t\t\t\t\t\t\t\t\t\t<a href=\"https:\/\/www.aaitq.com\/fr\/%d9%84%d9%88%d8%b1%d9%8a%d9%85-%d8%a7%d9%8a%d8%a8%d8%b3%d9%88%d9%85-5\/\">En quoi consiste le m\u00e9tier de consultant ? Quels sont les principaux types de services de conseil\u00a0?<\/a>\n\t\t\t\t\t\t\t\t\t\t\t<\/h2>\n\t\t\t\t\n\t\t\t\t\t<p class=\"post-meta\"><a href=\"https:\/\/www.aaitq.com\/fr\/category\/%d8%a3%d8%ae%d8%a8%d8%a7%d8%b1\/\" rel=\"tag\">Nouvelles<\/a>, <a href=\"https:\/\/www.aaitq.com\/fr\/category\/%d9%85%d8%af%d9%88%d9%86%d8%a9\/\" rel=\"tag\">Blog<\/a><\/p><div class=\"post-content\"><div class=\"post-content-inner\"><p>Un consultant est un professionnel qui conna\u00eet tr\u00e8s bien un sujet particulier et utilise ses connaissances pour aider les autres. Le but du conseil, quel que soit le domaine de travail et de prestation, est d&#039;aider les autres, qu&#039;il s&#039;agisse de particuliers ou d&#039;entreprises, sur un sujet pr\u00e9cis dont ils n&#039;ont pas une connaissance suffisante. Certains voudront peut-\u00eatre...<\/p>\n<\/div><a href=\"https:\/\/www.aaitq.com\/fr\/%d9%84%d9%88%d8%b1%d9%8a%d9%85-%d8%a7%d9%8a%d8%a8%d8%b3%d9%88%d9%85-5\/\" class=\"more-link\">lire plus<\/a><\/div>\t\t\t\n\t\t\t<\/article>\n\t\t\t\t\n\t\t\t<article id=\"post-1844\" class=\"et_pb_post clearfix et_pb_no_thumb et_pb_blog_item_0_3 post-1844 post type-post status-publish format-standard hentry category-24 category-25\">\n\n\t\t\t\t\n\t\t\t\t\t\t\t\t\t\t\t\t\t\t<h2 class=\"entry-title\">\n\t\t\t\t\t\t\t\t\t\t\t\t\t<a href=\"https:\/\/www.aaitq.com\/fr\/%d9%84%d9%88%d8%b1%d9%8a%d9%85-%d8%a7%d9%8a%d8%a8%d8%b3%d9%88%d9%85-3\/\">Quelles sont les principales tendances technologiques en 2023 ?<\/a>\n\t\t\t\t\t\t\t\t\t\t\t<\/h2>\n\t\t\t\t\n\t\t\t\t\t<p class=\"post-meta\"><a href=\"https:\/\/www.aaitq.com\/fr\/category\/%d8%a3%d8%ae%d8%a8%d8%a7%d8%b1\/\" rel=\"tag\">Nouvelles<\/a>, <a href=\"https:\/\/www.aaitq.com\/fr\/category\/%d9%85%d8%af%d9%88%d9%86%d8%a9\/\" rel=\"tag\">Blog<\/a><\/p><div class=\"post-content\"><div class=\"post-content-inner\"><p>Le regrett\u00e9 \u00e9conomiste am\u00e9ricain Peter Drucker a dit un jour qu&#039;&quot;essayer de pr\u00e9dire l&#039;avenir, c&#039;est comme conduire sur une terre agricole la nuit sans lumi\u00e8re, tout en regardant par la fen\u00eatre arri\u00e8re&quot;, car l&#039;avenir est incertain. En ce qui concerne l&#039;anticipation des nouvelles tendances de la technologie, on peut dire que...<\/p>\n<\/div><a href=\"https:\/\/www.aaitq.com\/fr\/%d9%84%d9%88%d8%b1%d9%8a%d9%85-%d8%a7%d9%8a%d8%a8%d8%b3%d9%88%d9%85-3\/\" class=\"more-link\">lire plus<\/a><\/div>\t\t\t\n\t\t\t<\/article>\n\t\t\t\t\n\t\t\t<article id=\"post-1843\" class=\"et_pb_post clearfix et_pb_no_thumb et_pb_blog_item_0_4 post-1843 post type-post status-publish format-standard hentry category-24 category-25\">\n\n\t\t\t\t\n\t\t\t\t\t\t\t\t\t\t\t\t\t\t<h2 class=\"entry-title\">\n\t\t\t\t\t\t\t\t\t\t\t\t\t<a href=\"https:\/\/www.aaitq.com\/fr\/%d9%84%d9%88%d8%b1%d9%8a%d9%85-%d8%a7%d9%8a%d8%a8%d8%b3%d9%88%d9%85-2-2\/\">Les tendances modernes les plus importantes dans le domaine des ressources humaines pour l&#039;ann\u00e9e 2022<\/a>\n\t\t\t\t\t\t\t\t\t\t\t<\/h2>\n\t\t\t\t\n\t\t\t\t\t<p class=\"post-meta\"><a href=\"https:\/\/www.aaitq.com\/fr\/category\/%d8%a3%d8%ae%d8%a8%d8%a7%d8%b1\/\" rel=\"tag\">Nouvelles<\/a>, <a href=\"https:\/\/www.aaitq.com\/fr\/category\/%d9%85%d8%af%d9%88%d9%86%d8%a9\/\" rel=\"tag\">Blog<\/a><\/p><div class=\"post-content\"><div class=\"post-content-inner\"><p>Dans cette \u00e8re caract\u00e9ris\u00e9e par la vitesse, l&#039;explosion des connaissances et l&#039;ouverture du monde les uns aux autres gr\u00e2ce aux m\u00e9dias sociaux, et gr\u00e2ce au d\u00e9veloppement technique et \u00e0 l&#039;intelligence artificielle, les param\u00e8tres des march\u00e9s ont chang\u00e9 et sont devenus transcendantaux sans entrave. Et au fil des \u00e9v\u00e9nements environnementaux, sanitaires, \u00e9conomiques et politiques...<\/p>\n<\/div><a href=\"https:\/\/www.aaitq.com\/fr\/%d9%84%d9%88%d8%b1%d9%8a%d9%85-%d8%a7%d9%8a%d8%a8%d8%b3%d9%88%d9%85-2-2\/\" class=\"more-link\">lire plus<\/a><\/div>\t\t\t\n\t\t\t<\/article>\n\t\t\t\t\n\t\t\t<article id=\"post-1035\" class=\"et_pb_post clearfix et_pb_no_thumb et_pb_blog_item_0_5 post-1035 post type-post status-publish format-standard hentry category-24 category-25\">\n\n\t\t\t\t\n\t\t\t\t\t\t\t\t\t\t\t\t\t\t<h2 class=\"entry-title\">\n\t\t\t\t\t\t\t\t\t\t\t\t\t<a href=\"https:\/\/www.aaitq.com\/fr\/%d9%84%d9%88%d8%b1%d9%8a%d9%85-%d8%a7%d9%8a%d8%a8%d8%b3%d9%88%d9%85-2\/\">Qu&#039;est-ce que la procrastination ? Et comment peut-on s&#039;en d\u00e9barrasser et am\u00e9liorer l&#039;humeur?<\/a>\n\t\t\t\t\t\t\t\t\t\t\t<\/h2>\n\t\t\t\t\n\t\t\t\t\t<p class=\"post-meta\"><a href=\"https:\/\/www.aaitq.com\/fr\/category\/%d8%a3%d8%ae%d8%a8%d8%a7%d8%b1\/\" rel=\"tag\">Nouvelles<\/a>, <a href=\"https:\/\/www.aaitq.com\/fr\/category\/%d9%85%d8%af%d9%88%d9%86%d8%a9\/\" rel=\"tag\">Blog<\/a><\/p><div class=\"post-content\"><div class=\"post-content-inner\"><p>Vous \u00eates-vous d\u00e9j\u00e0 r\u00e9primand\u00e9 pour l&#039;habitude de la procrastination ou de la procrastination\u00a0? Malheureusement, le simple fait de prendre la d\u00e9cision de se d\u00e9barrasser de la procrastination ne suffira pas, c&#039;est l&#039;une des pires choses que vous puissiez faire. Des \u00e9tudes ont montr\u00e9 que la procrastination n&#039;est pas le r\u00e9sultat de la paresse ou d&#039;une mauvaise gestion du temps, mais est li\u00e9e \u00e0 une mauvaise gestion de l&#039;humeur.<\/p>\n<\/div><a href=\"https:\/\/www.aaitq.com\/fr\/%d9%84%d9%88%d8%b1%d9%8a%d9%85-%d8%a7%d9%8a%d8%a8%d8%b3%d9%88%d9%85-2\/\" class=\"more-link\">lire plus<\/a><\/div>\t\t\t\n\t\t\t<\/article>\n\t\t\t\t<\/div><div><div class=\"pagination clearfix\">\n\t<div class=\"alignleft\"><\/div>\n\t<div class=\"alignright\"><\/div>\n<\/div><\/div><\/div>\n\t\t\t\t\t<\/div>\n\t\t\t\t\t \n\t\t\t\t<\/div>\n\t\t\t<\/div>\n\t\t\t\t\n\t\t\t\t\n\t\t\t\t\n\t\t\t\t\n\t\t\t<\/div>\n\t\t\t\t\n\t\t\t\t\n\t\t\t<\/div><\/p>","protected":false},"excerpt":{"rendered":"","protected":false},"author":1,"featured_media":0,"parent":0,"menu_order":0,"comment_status":"closed","ping_status":"closed","template":"","meta":{"_et_pb_use_builder":"on","_et_pb_old_content":"<!-- wp:kadence\/rowlayout {\"uniqueID\":\"_78bb21-4c\",\"columns\":1,\"colLayout\":\"equal\",\"minHeight\":500,\"topPadding\":50,\"bottomPadding\":50,\"bgImg\":\"https:\/\/aaitq.com\/wp-content\/uploads\/2022\/10\/Group-164118-01.png\",\"bgImgPosition\":\"76% 30%\",\"overlayOpacity\":60,\"overlayBlendMode\":\"normal\",\"blockAlignment\":\"full\",\"verticalAlignment\":\"middle\",\"bottomSep\":\"\"} -->\n<div class=\"wp-block-kadence-rowlayout alignnone\"><div id=\"kt-layout-id_78bb21-4c\" class=\"kt-row-layout-inner kt-row-has-bg kt-layout-id_78bb21-4c\"><div class=\"kt-row-column-wrap kt-has-1-columns kt-gutter-default kt-v-gutter-default kt-row-valign-middle kt-row-layout-equal kt-tab-layout-inherit kt-m-colapse-left-to-right kt-mobile-layout-row\"><!-- wp:kadence\/column {\"uniqueID\":\"_6d7851-fe\"} -->\n<div class=\"wp-block-kadence-column inner-column-1 kadence-column_6d7851-fe\"><div class=\"kt-inside-inner-col\"><!-- wp:kadence\/advancedheading {\"level\":1,\"uniqueID\":\"_ce2a98-b5\",\"align\":\"center\",\"color\":\"#fff\",\"size\":4.3,\"sizeType\":\"em\",\"lineHeight\":1.5,\"lineType\":\"em\",\"mobileSize\":2.8,\"markSize\":[\"\",\"\",\"\"],\"markLineHeight\":[\"\",\"\",\"\"],\"markPadding\":[0,0,0,0]} -->\n<h1 class=\"kt-adv-heading_ce2a98-b5 wp-block-kadence-advancedheading\" data-kb-block=\"kb-adv-heading_ce2a98-b5\">\u0627\u0644\u0645\u062f\u0648\u0646\u0629<\/h1>\n<!-- \/wp:kadence\/advancedheading --><\/div><\/div>\n<!-- \/wp:kadence\/column --><\/div><\/div><\/div>\n<!-- \/wp:kadence\/rowlayout -->\n\n<!-- wp:spacer {\"height\":\"93px\"} -->\n<div style=\"height:93px\" aria-hidden=\"true\" class=\"wp-block-spacer\"><\/div>\n<!-- \/wp:spacer -->\n\n<!-- wp:columns -->\n<div class=\"wp-block-columns\"><!-- wp:column -->\n<div class=\"wp-block-column\"><!-- wp:ultimate-post\/post-grid-1 {\"blockId\":\"ccc996\",\"queryNumPosts\":{\"lg\":\"6\",\"sm\":4,\"xs\":4},\"columns\":{\"lg\":\"3\",\"xs\":\"1\"},\"headingShow\":false,\"catShow\":false,\"paginationShow\":false,\"titleColor\":\"rgba(0,41,124,1)\",\"excerptLimit\":\"8\",\"authorLink\":false,\"metaList\":\"[u0022metaAuthoru0022,u0022metaDateu0022]\",\"metaAuthorPrefix\":\"\u0628\u0642\u0644\u0645\",\"contentAlign\":\"right\",\"imgCrop\":\"medium\"} \/--><\/div>\n<!-- \/wp:column --><\/div>\n<!-- \/wp:columns -->","_et_gb_content_width":"1080","footnotes":""},"class_list":["post-159","page","type-page","status-publish","hentry"],"_links":{"self":[{"href":"https:\/\/www.aaitq.com\/fr\/wp-json\/wp\/v2\/pages\/159","targetHints":{"allow":["GET"]}}],"collection":[{"href":"https:\/\/www.aaitq.com\/fr\/wp-json\/wp\/v2\/pages"}],"about":[{"href":"https:\/\/www.aaitq.com\/fr\/wp-json\/wp\/v2\/types\/page"}],"author":[{"embeddable":true,"href":"https:\/\/www.aaitq.com\/fr\/wp-json\/wp\/v2\/users\/1"}],"replies":[{"embeddable":true,"href":"https:\/\/www.aaitq.com\/fr\/wp-json\/wp\/v2\/comments?post=159"}],"version-history":[{"count":0,"href":"https:\/\/www.aaitq.com\/fr\/wp-json\/wp\/v2\/pages\/159\/revisions"}],"wp:attachment":[{"href":"https:\/\/www.aaitq.com\/fr\/wp-json\/wp\/v2\/media?parent=159"}],"curies":[{"name":"wp","href":"https:\/\/api.w.org\/{rel}","templated":true}]}}