{"id":149,"date":"2022-03-02T12:04:27","date_gmt":"2022-03-02T12:04:27","guid":{"rendered":"https:\/\/www.aaitq.com\/?page_id=149"},"modified":"2023-05-10T01:05:48","modified_gmt":"2023-05-09T22:05:48","slug":"%d8%a7%d9%84%d8%b7%d9%84%d8%a8%d8%a7%d8%aa","status":"publish","type":"page","link":"https:\/\/www.aaitq.com\/fr\/%d8%a7%d9%84%d8%b7%d9%84%d8%a8%d8%a7%d8%aa\/","title":{"rendered":"Demandes"},"content":{"rendered":"<p><div class=\"et_d4_element et_pb_section et_pb_section_0 et_pb_section_parallax et_pb_with_background  et_pb_css_mix_blend_mode et_pb_fullwidth_section et_section_regular et_block_section\" >\n\t\t\t\t\n\t\t\t\t<span class=\"et_parallax_bg_wrap et-pb-parallax-wrapper\"><span\n\t\t\t\t\t\tclass=\"et_parallax_bg et_parallax_bg--et_pb_section_0\"\n\t\t\t\t\t\tstyle=\"background-image: url(https:\/\/aaitq.com\/wp-content\/uploads\/2023\/05\/Group-1000001600.png);\"\n\t\t\t\t\t><\/span><\/span>\n\t\t\t\t\n\t\t\t\t\n\t\t\t\t\n\t\t\t\t\n\t\t\t\t<section class=\"et_pb_module et_d4_element et_pb_fullwidth_header et_pb_fullwidth_header_0 et_animated et_hover_enabled  et_pb_css_mix_blend_mode et_pb_text_align_center et_pb_bg_layout_dark\">\n\t\t\t\t\n\t\t\t\t\n\t\t\t\t\n\t\t\t\t\n\t\t\t\t<div class=\"et_pb_fullwidth_header_container center\">\n\t\t\t\t\t<div class=\"header-content-container center\">\n\t\t\t\t\t<div class=\"header-content\">\n\t\t\t\t\t\t\n\t\t\t\t\t\t\n\t\t\t\t\t\t<span class=\"et_pb_fullwidth_header_subhead\">Demandes<\/span>\n\t\t\t\t\t\t<div class=\"et_pb_header_content_wrapper\"><\/div>\n\t\t\t\t\t\t\n\t\t\t\t\t<\/div>\n\t\t\t\t<\/div>\n\t\t\t\t\t\n\t\t\t\t<\/div>\n\t\t\t\t<div class=\"et_pb_fullwidth_header_overlay\"><\/div>\n\t\t\t\t<div class=\"et_pb_fullwidth_header_scroll\"><\/div>\n\t\t\t<\/section>\n\t\t\t\t\n\t\t\t\t\n\t\t\t<\/div><div class=\"et_d4_element et_pb_section et_pb_section_1 et_pb_section_parallax  et_pb_css_mix_blend_mode et_section_regular et_block_section\" >\n\t\t\t\t\n\t\t\t\t\n\t\t\t\t\n\t\t\t\t\n\t\t\t\t\n\t\t\t\t\n\t\t\t\t<div class=\"et_d4_element et_pb_row et_pb_row_0  et_pb_css_mix_blend_mode et_block_row\">\n\t\t\t\t<div class=\"et_d4_element et_pb_column_4_4 et_pb_column et_pb_column_0  et_pb_css_mix_blend_mode et-last-child et_block_column\">\n\t\t\t\t\n\t\t\t\t\n\t\t\t\t\n\t\t\t\t\n\t\t\t\t<div class=\"et_pb_module et_d4_element et_pb_text et_pb_text_0  et_pb_text_align_center et_pb_bg_layout_light\">\n\t\t\t\t\n\t\t\t\t\n\t\t\t\t\n\t\t\t\t\n\t\t\t\t<div class=\"et_pb_text_inner\"><h1 style=\"text-align: center;\">Service des demandes d&#039;accr\u00e9ditation et de la m\u00e9thodologie<\/h1><\/div>\n\t\t\t<\/div>\n\t\t\t<\/div>\n\t\t\t\t\n\t\t\t\t\n\t\t\t\t\n\t\t\t\t\n\t\t\t<\/div><div class=\"et_d4_element et_pb_row et_pb_row_1 et_pb_gutters2  et_pb_css_mix_blend_mode et_block_row\">\n\t\t\t\t<div class=\"et_d4_element et_pb_column_1_3 et_pb_column et_pb_column_1  et_pb_css_mix_blend_mode et_block_column\">\n\t\t\t\t\n\t\t\t\t\n\t\t\t\t\n\t\t\t\t\n\t\t\t\t<div class=\"et_pb_with_border et_pb_module et_d4_element et_pb_blurb et_pb_blurb_0 et_clickable  et_pb_text_align_center  et_pb_blurb_position_top et_block_module et_pb_bg_layout_light\">\n\t\t\t\t\n\t\t\t\t\n\t\t\t\t\n\t\t\t\t\n\t\t\t\t<div class=\"et_pb_blurb_content\">\n\t\t\t\t\t<div class=\"et_pb_main_blurb_image et_pb_css_mix_blend_mode\"><a href=\"https:\/\/www.aaitq.com\/fr\/%d9%84%d8%b7%d9%84%d8%a8-%d8%a7%d8%b5%d8%af%d8%a7%d8%b1-%d8%b4%d9%87%d8%a7%d8%af%d8%a7%d8%aa-%d9%85%d8%b9%d8%aa%d9%85%d8%af%d8%a9\/\"><span class=\"et_pb_image_wrap et_pb_only_image_mode_wrap\"><img decoding=\"async\" src=\"https:\/\/aaitq.com\/wp-content\/uploads\/2023\/05\/Group-1000001590.png\" alt=\"icon\" class=\"et-waypoint et_pb_animation_top et_pb_animation_top_tablet et_pb_animation_top_phone\" \/><\/span><\/a><\/div>\n\t\t\t\t\t<div class=\"et_pb_blurb_container\">\n\t\t\t\t\t\t<h4 class=\"et_pb_module_header\"><a href=\"https:\/\/www.aaitq.com\/fr\/%d9%84%d8%b7%d9%84%d8%a8-%d8%a7%d8%b5%d8%af%d8%a7%d8%b1-%d8%b4%d9%87%d8%a7%d8%af%d8%a7%d8%aa-%d9%85%d8%b9%d8%aa%d9%85%d8%af%d8%a9\/\">Demander la d\u00e9livrance de certificats accr\u00e9dit\u00e9s.<\/a><\/h4>\n\t\t\t\t\t\t\n\t\t\t\t\t<\/div>\n\t\t\t\t<\/div>\n\t\t\t<\/div>\n\t\t\t<\/div><div class=\"et_d4_element et_pb_column_1_3 et_pb_column et_pb_column_2  et_pb_css_mix_blend_mode et_block_column\">\n\t\t\t\t\n\t\t\t\t\n\t\t\t\t\n\t\t\t\t\n\t\t\t\t<div class=\"et_pb_with_border et_pb_module et_d4_element et_pb_blurb et_pb_blurb_1 et_clickable  et_pb_text_align_center  et_pb_blurb_position_top et_block_module et_pb_bg_layout_light\">\n\t\t\t\t\n\t\t\t\t\n\t\t\t\t\n\t\t\t\t\n\t\t\t\t<div class=\"et_pb_blurb_content\">\n\t\t\t\t\t<div class=\"et_pb_main_blurb_image et_pb_css_mix_blend_mode\"><a href=\"https:\/\/www.aaitq.com\/fr\/%d9%84%d8%b7%d9%84%d8%a8-%d8%b9%d8%b6%d9%88%d9%8a%d8%a9-%d8%a7%d8%b9%d8%aa%d9%85%d8%a7%d8%af-%d9%85%d8%b1%d9%83%d8%b2-%d8%aa%d8%af%d8%b1%d9%8a%d8%a8\/\"><span class=\"et_pb_image_wrap et_pb_only_image_mode_wrap\"><img decoding=\"async\" src=\"https:\/\/aaitq.com\/wp-content\/uploads\/2023\/05\/Group-1000001589-1.png\" alt=\"icon\" class=\"et-waypoint et_pb_animation_top et_pb_animation_top_tablet et_pb_animation_top_phone\" \/><\/span><\/a><\/div>\n\t\t\t\t\t<div class=\"et_pb_blurb_container\">\n\t\t\t\t\t\t<h4 class=\"et_pb_module_header\"><a href=\"https:\/\/www.aaitq.com\/fr\/%d9%84%d8%b7%d9%84%d8%a8-%d8%b9%d8%b6%d9%88%d9%8a%d8%a9-%d8%a7%d8%b9%d8%aa%d9%85%d8%a7%d8%af-%d9%85%d8%b1%d9%83%d8%b2-%d8%aa%d8%af%d8%b1%d9%8a%d8%a8\/\">Pour demander une adh\u00e9sion \u00e0 l&#039;accr\u00e9ditation de centre de formation.<\/a><\/h4>\n\t\t\t\t\t\t\n\t\t\t\t\t<\/div>\n\t\t\t\t<\/div>\n\t\t\t<\/div>\n\t\t\t<\/div><div class=\"et_d4_element et_pb_column_1_3 et_pb_column et_pb_column_3  et_pb_css_mix_blend_mode et-last-child et_block_column\">\n\t\t\t\t\n\t\t\t\t\n\t\t\t\t\n\t\t\t\t\n\t\t\t\t<div class=\"et_pb_with_border et_pb_module et_d4_element et_pb_blurb et_pb_blurb_2 et_clickable  et_pb_text_align_center  et_pb_blurb_position_top et_block_module et_pb_bg_layout_light\">\n\t\t\t\t\n\t\t\t\t\n\t\t\t\t\n\t\t\t\t\n\t\t\t\t<div class=\"et_pb_blurb_content\">\n\t\t\t\t\t<div class=\"et_pb_main_blurb_image et_pb_css_mix_blend_mode\"><a href=\"https:\/\/www.aaitq.com\/fr\/%d9%84%d8%b7%d9%84%d8%a8-%d8%b9%d8%b6%d9%88%d9%8a%d8%a9-%d8%a7%d8%b9%d8%aa%d9%85%d8%a7%d8%af-%d8%a7%d9%84%d9%87%d9%8a%d8%a6%d8%a9-%d8%a7%d9%84%d8%a3%d9%85%d8%b1%d9%8a%d9%83%d9%8a%d8%a9-aaitq\/\"><span class=\"et_pb_image_wrap et_pb_only_image_mode_wrap\"><img decoding=\"async\" src=\"https:\/\/aaitq.com\/wp-content\/uploads\/2023\/05\/Group-1000001589.png\" alt=\"icon\" class=\"et-waypoint et_pb_animation_top et_pb_animation_top_tablet et_pb_animation_top_phone\" \/><\/span><\/a><\/div>\n\t\t\t\t\t<div class=\"et_pb_blurb_container\">\n\t\t\t\t\t\t<h4 class=\"et_pb_module_header\"><a href=\"https:\/\/www.aaitq.com\/fr\/%d9%84%d8%b7%d9%84%d8%a8-%d8%b9%d8%b6%d9%88%d9%8a%d8%a9-%d8%a7%d8%b9%d8%aa%d9%85%d8%a7%d8%af-%d8%a7%d9%84%d9%87%d9%8a%d8%a6%d8%a9-%d8%a7%d9%84%d8%a3%d9%85%d8%b1%d9%8a%d9%83%d9%8a%d8%a9-aaitq\/\">Pour faire une demande d&#039;adh\u00e9sion \u00e0 l&#039;AAITQ<\/a><\/h4>\n\t\t\t\t\t\t\n\t\t\t\t\t<\/div>\n\t\t\t\t<\/div>\n\t\t\t<\/div>\n\t\t\t<\/div>\n\t\t\t\t\n\t\t\t\t\n\t\t\t\t\n\t\t\t\t\n\t\t\t<\/div><div class=\"et_d4_element et_pb_row et_pb_row_2 et_pb_gutters2  et_pb_css_mix_blend_mode et_block_row\">\n\t\t\t\t<div class=\"et_d4_element et_pb_column_1_3 et_pb_column et_pb_column_4  et_pb_css_mix_blend_mode et_block_column et_pb_column_empty\">\n\t\t\t\t\n\t\t\t\t\n\t\t\t\t\n\t\t\t\t\n\t\t\t\t\n\t\t\t<\/div><div class=\"et_d4_element et_pb_column_1_3 et_pb_column et_pb_column_5  et_pb_css_mix_blend_mode et_block_column\">\n\t\t\t\t\n\t\t\t\t\n\t\t\t\t\n\t\t\t\t\n\t\t\t\t<div class=\"et_pb_with_border et_pb_module et_d4_element et_pb_blurb et_pb_blurb_3 et_clickable  et_pb_text_align_center  et_pb_blurb_position_top et_block_module et_pb_bg_layout_light\">\n\t\t\t\t\n\t\t\t\t\n\t\t\t\t\n\t\t\t\t\n\t\t\t\t<div class=\"et_pb_blurb_content\">\n\t\t\t\t\t<div class=\"et_pb_main_blurb_image et_pb_css_mix_blend_mode\"><a href=\"https:\/\/www.aaitq.com\/fr\/%d9%84%d8%b7%d9%84%d8%a8-%d8%a7%d8%b9%d8%aa%d9%85%d8%a7%d8%af-%d8%ad%d9%82%d9%8a%d8%a8%d8%a9-%d8%aa%d8%af%d8%b1%d9%8a%d8%a8%d9%8a%d8%a9\/\"><span class=\"et_pb_image_wrap et_pb_only_image_mode_wrap\"><img decoding=\"async\" src=\"https:\/\/aaitq.com\/wp-content\/uploads\/2023\/05\/Group-1000001589-3.png\" alt=\"icon\" class=\"et-waypoint et_pb_animation_top et_pb_animation_top_tablet et_pb_animation_top_phone\" \/><\/span><\/a><\/div>\n\t\t\t\t\t<div class=\"et_pb_blurb_container\">\n\t\t\t\t\t\t<h4 class=\"et_pb_module_header\"><a href=\"https:\/\/www.aaitq.com\/fr\/%d9%84%d8%b7%d9%84%d8%a8-%d8%a7%d8%b9%d8%aa%d9%85%d8%a7%d8%af-%d8%ad%d9%82%d9%8a%d8%a8%d8%a9-%d8%aa%d8%af%d8%b1%d9%8a%d8%a8%d9%8a%d8%a9\/\">Pour demander l&#039;approbation d&#039;un sac d&#039;entra\u00eenement.<\/a><\/h4>\n\t\t\t\t\t\t\n\t\t\t\t\t<\/div>\n\t\t\t\t<\/div>\n\t\t\t<\/div>\n\t\t\t<\/div><div class=\"et_d4_element et_pb_column_1_3 et_pb_column et_pb_column_6  et_pb_css_mix_blend_mode et-last-child et_block_column\">\n\t\t\t\t\n\t\t\t\t\n\t\t\t\t\n\t\t\t\t\n\t\t\t\t<div class=\"et_pb_with_border et_pb_module et_d4_element et_pb_blurb et_pb_blurb_4 et_clickable  et_pb_text_align_center  et_pb_blurb_position_top et_block_module et_pb_bg_layout_light\">\n\t\t\t\t\n\t\t\t\t\n\t\t\t\t\n\t\t\t\t\n\t\t\t\t<div class=\"et_pb_blurb_content\">\n\t\t\t\t\t<div class=\"et_pb_main_blurb_image et_pb_css_mix_blend_mode\"><a href=\"https:\/\/www.aaitq.com\/fr\/%d9%84%d8%b7%d9%84%d8%a8-%d8%aa%d8%b1%d8%ae%d9%8a%d8%b5-%d8%a8%d8%b1%d9%86%d8%a7%d9%85%d8%ac-%d8%aa%d8%af%d8%b1%d9%8a%d8%a8%d9%8a\/\"><span class=\"et_pb_image_wrap et_pb_only_image_mode_wrap\"><img decoding=\"async\" src=\"https:\/\/aaitq.com\/wp-content\/uploads\/2023\/05\/Group-1000001589-2.png\" alt=\"icon\" class=\"et-waypoint et_pb_animation_top et_pb_animation_top_tablet et_pb_animation_top_phone\" \/><\/span><\/a><\/div>\n\t\t\t\t\t<div class=\"et_pb_blurb_container\">\n\t\t\t\t\t\t<h4 class=\"et_pb_module_header\"><a href=\"https:\/\/www.aaitq.com\/fr\/%d9%84%d8%b7%d9%84%d8%a8-%d8%aa%d8%b1%d8%ae%d9%8a%d8%b5-%d8%a8%d8%b1%d9%86%d8%a7%d9%85%d8%ac-%d8%aa%d8%af%d8%b1%d9%8a%d8%a8%d9%8a\/\">Pour demander une licence de programme de formation.<\/a><\/h4>\n\t\t\t\t\t\t\n\t\t\t\t\t<\/div>\n\t\t\t\t<\/div>\n\t\t\t<\/div>\n\t\t\t<\/div>\n\t\t\t\t\n\t\t\t\t\n\t\t\t\t\n\t\t\t\t\n\t\t\t<\/div>\n\t\t\t\t\n\t\t\t\t\n\t\t\t<\/div><div class=\"et_d4_element et_pb_section et_pb_section_2 et_pb_with_background  et_pb_css_mix_blend_mode et_section_regular et_block_section\" >\n\t\t\t\t\n\t\t\t\t\n\t\t\t\t\n\t\t\t\t\n\t\t\t\t\n\t\t\t\t\n\t\t\t\t<div class=\"et_d4_element et_pb_row et_pb_row_3  et_pb_css_mix_blend_mode et_block_row\">\n\t\t\t\t<div class=\"et_d4_element et_pb_column_4_4 et_pb_column et_pb_column_7  et_pb_css_mix_blend_mode et-last-child et_block_column\">\n\t\t\t\t\n\t\t\t\t\n\t\t\t\t\n\t\t\t\t\n\t\t\t\t<div class=\"et_pb_module et_d4_element et_pb_text et_pb_text_1  et_pb_text_align_left et_pb_bg_layout_light\">\n\t\t\t\t\n\t\t\t\t\n\t\t\t\t\n\t\t\t\t\n\t\t\t\t<div class=\"et_pb_text_inner\"><h1 style=\"text-align: center;\"><span style=\"color: #ffffff;\">Demandes du service de d\u00e9veloppement de la performance et production d&#039;outils de formation<\/span><\/h1><\/div>\n\t\t\t<\/div>\n\t\t\t<\/div>\n\t\t\t\t\n\t\t\t\t\n\t\t\t\t\n\t\t\t\t\n\t\t\t<\/div><div class=\"et_d4_element et_pb_row et_pb_row_4  et_pb_css_mix_blend_mode et_block_row\">\n\t\t\t\t<div class=\"et_d4_element et_pb_column_1_4 et_pb_column et_pb_column_8  et_pb_css_mix_blend_mode et_block_column\">\n\t\t\t\t\n\t\t\t\t\n\t\t\t\t\n\t\t\t\t\n\t\t\t\t<div class=\"et_pb_with_border et_pb_module et_d4_element et_pb_blurb et_pb_blurb_5 et_clickable  et_pb_text_align_center  et_pb_blurb_position_top et_block_module et_pb_bg_layout_light\">\n\t\t\t\t\n\t\t\t\t\n\t\t\t\t\n\t\t\t\t\n\t\t\t\t<div class=\"et_pb_blurb_content\">\n\t\t\t\t\t<div class=\"et_pb_main_blurb_image et_pb_css_mix_blend_mode\"><a href=\"https:\/\/www.aaitq.com\/fr\/%d9%84%d8%b7%d9%84%d8%a8-%d8%a7%d9%86%d8%aa%d8%a7%d8%ac-%d8%a3%d9%84%d8%b9%d8%a7%d8%a8-%d8%aa%d8%af%d8%b1%d9%8a%d8%a8%d9%8a%d8%a9\/\"><span class=\"et_pb_image_wrap et_pb_only_image_mode_wrap\"><img decoding=\"async\" src=\"https:\/\/aaitq.com\/wp-content\/uploads\/2023\/05\/Frame-196.png\" alt=\"icon\" class=\"et-waypoint et_pb_animation_top et_pb_animation_top_tablet et_pb_animation_top_phone\" \/><\/span><\/a><\/div>\n\t\t\t\t\t<div class=\"et_pb_blurb_container\">\n\t\t\t\t\t\t<h4 class=\"et_pb_module_header\"><a href=\"https:\/\/www.aaitq.com\/fr\/%d9%84%d8%b7%d9%84%d8%a8-%d8%a7%d9%86%d8%aa%d8%a7%d8%ac-%d8%a3%d9%84%d8%b9%d8%a7%d8%a8-%d8%aa%d8%af%d8%b1%d9%8a%d8%a8%d9%8a%d8%a9\/\">Pour demander la production de jeux d&#039;entra\u00eenement<\/a><\/h4>\n\t\t\t\t\t\t\n\t\t\t\t\t<\/div>\n\t\t\t\t<\/div>\n\t\t\t<\/div>\n\t\t\t<\/div><div class=\"et_d4_element et_pb_column_1_4 et_pb_column et_pb_column_9  et_pb_css_mix_blend_mode et_block_column\">\n\t\t\t\t\n\t\t\t\t\n\t\t\t\t\n\t\t\t\t\n\t\t\t\t<div class=\"et_pb_with_border et_pb_module et_d4_element et_pb_blurb et_pb_blurb_6 et_clickable  et_pb_text_align_center  et_pb_blurb_position_top et_block_module et_pb_bg_layout_light\">\n\t\t\t\t\n\t\t\t\t\n\t\t\t\t\n\t\t\t\t\n\t\t\t\t<div class=\"et_pb_blurb_content\">\n\t\t\t\t\t<div class=\"et_pb_main_blurb_image et_pb_css_mix_blend_mode\"><a href=\"https:\/\/www.aaitq.com\/fr\/%d9%84%d8%b7%d9%84%d8%a8-%d8%a7%d8%b9%d8%af%d8%a7%d8%af-%d9%85%d9%82%d9%8a%d8%a7%d8%b3-%d8%a7%d8%ae%d8%aa%d8%a8%d8%a7%d8%b1-%d8%b1%d9%82%d9%85%d9%8a\/\"><span class=\"et_pb_image_wrap et_pb_only_image_mode_wrap\"><img decoding=\"async\" src=\"https:\/\/aaitq.com\/wp-content\/uploads\/2023\/05\/Frame-195.png\" alt=\"icon\" class=\"et-waypoint et_pb_animation_top et_pb_animation_top_tablet et_pb_animation_top_phone\" \/><\/span><\/a><\/div>\n\t\t\t\t\t<div class=\"et_pb_blurb_container\">\n\t\t\t\t\t\t<h4 class=\"et_pb_module_header\"><a href=\"https:\/\/www.aaitq.com\/fr\/%d9%84%d8%b7%d9%84%d8%a8-%d8%a7%d8%b9%d8%af%d8%a7%d8%af-%d9%85%d9%82%d9%8a%d8%a7%d8%b3-%d8%a7%d8%ae%d8%aa%d8%a8%d8%a7%d8%b1-%d8%b1%d9%82%d9%85%d9%8a\/\">Pour demander la pr\u00e9paration d&#039;une balance\/test num\u00e9rique<\/a><\/h4>\n\t\t\t\t\t\t\n\t\t\t\t\t<\/div>\n\t\t\t\t<\/div>\n\t\t\t<\/div>\n\t\t\t<\/div><div class=\"et_d4_element et_pb_column_1_4 et_pb_column et_pb_column_10  et_pb_css_mix_blend_mode et_block_column\">\n\t\t\t\t\n\t\t\t\t\n\t\t\t\t\n\t\t\t\t\n\t\t\t\t<div class=\"et_pb_with_border et_pb_module et_d4_element et_pb_blurb et_pb_blurb_7 et_clickable  et_pb_text_align_center  et_pb_blurb_position_top et_block_module et_pb_bg_layout_light\">\n\t\t\t\t\n\t\t\t\t\n\t\t\t\t\n\t\t\t\t\n\t\t\t\t<div class=\"et_pb_blurb_content\">\n\t\t\t\t\t<div class=\"et_pb_main_blurb_image et_pb_css_mix_blend_mode\"><a href=\"https:\/\/www.aaitq.com\/fr\/%d9%84%d8%b7%d9%84%d8%a8-%d8%a7%d8%b9%d8%af%d8%a7%d8%af-%d8%ad%d9%82%d9%8a%d8%a8%d8%a9-%d8%aa%d8%af%d8%b1%d9%8a%d8%a8%d9%8a%d8%a9\/\"><span class=\"et_pb_image_wrap et_pb_only_image_mode_wrap\"><img decoding=\"async\" src=\"https:\/\/aaitq.com\/wp-content\/uploads\/2023\/05\/Frame-194.png\" alt=\"icon\" class=\"et-waypoint et_pb_animation_top et_pb_animation_top_tablet et_pb_animation_top_phone\" \/><\/span><\/a><\/div>\n\t\t\t\t\t<div class=\"et_pb_blurb_container\">\n\t\t\t\t\t\t<h4 class=\"et_pb_module_header\"><a href=\"https:\/\/www.aaitq.com\/fr\/%d9%84%d8%b7%d9%84%d8%a8-%d8%a7%d8%b9%d8%af%d8%a7%d8%af-%d8%ad%d9%82%d9%8a%d8%a8%d8%a9-%d8%aa%d8%af%d8%b1%d9%8a%d8%a8%d9%8a%d8%a9\/\">Pour demander la pr\u00e9paration d&#039;un sac de formation<\/a><\/h4>\n\t\t\t\t\t\t\n\t\t\t\t\t<\/div>\n\t\t\t\t<\/div>\n\t\t\t<\/div>\n\t\t\t<\/div><div class=\"et_d4_element et_pb_column_1_4 et_pb_column et_pb_column_11  et_pb_css_mix_blend_mode et-last-child et_block_column\">\n\t\t\t\t\n\t\t\t\t\n\t\t\t\t\n\t\t\t\t\n\t\t\t\t<div class=\"et_pb_with_border et_pb_module et_d4_element et_pb_blurb et_pb_blurb_8 et_clickable  et_pb_text_align_center  et_pb_blurb_position_top et_block_module et_pb_bg_layout_light\">\n\t\t\t\t\n\t\t\t\t\n\t\t\t\t\n\t\t\t\t\n\t\t\t\t<div class=\"et_pb_blurb_content\">\n\t\t\t\t\t<div class=\"et_pb_main_blurb_image et_pb_css_mix_blend_mode\"><a href=\"https:\/\/www.aaitq.com\/fr\/%d9%84%d8%b7%d9%84%d8%a8-%d8%aa%d9%82%d8%af%d9%8a%d9%85-%d8%a8%d8%b1%d9%86%d8%a7%d9%85%d8%ac-%d8%aa%d8%af%d8%b1%d9%8a%d8%a8%d9%8a\/\"><span class=\"et_pb_image_wrap et_pb_only_image_mode_wrap\"><img decoding=\"async\" src=\"https:\/\/aaitq.com\/wp-content\/uploads\/2023\/05\/Group-1000001616.png\" alt=\"icon\" class=\"et-waypoint et_pb_animation_top et_pb_animation_top_tablet et_pb_animation_top_phone\" \/><\/span><\/a><\/div>\n\t\t\t\t\t<div class=\"et_pb_blurb_container\">\n\t\t\t\t\t\t<h4 class=\"et_pb_module_header\"><a href=\"https:\/\/www.aaitq.com\/fr\/%d9%84%d8%b7%d9%84%d8%a8-%d8%aa%d9%82%d8%af%d9%8a%d9%85-%d8%a8%d8%b1%d9%86%d8%a7%d9%85%d8%ac-%d8%aa%d8%af%d8%b1%d9%8a%d8%a8%d9%8a\/\">Pour demander un programme de formation <\/a><\/h4>\n\t\t\t\t\t\t\n\t\t\t\t\t<\/div>\n\t\t\t\t<\/div>\n\t\t\t<\/div>\n\t\t\t<\/div>\n\t\t\t\t\n\t\t\t\t\n\t\t\t\t\n\t\t\t\t\n\t\t\t<\/div>\n\t\t\t\t\n\t\t\t\t\n\t\t\t<\/div><\/p>","protected":false},"excerpt":{"rendered":"","protected":false},"author":1,"featured_media":0,"parent":0,"menu_order":0,"comment_status":"closed","ping_status":"closed","template":"","meta":{"_et_pb_use_builder":"on","_et_pb_old_content":"<!-- wp:divi\/placeholder \/-->","_et_gb_content_width":"","footnotes":""},"class_list":["post-149","page","type-page","status-publish","hentry"],"_links":{"self":[{"href":"https:\/\/www.aaitq.com\/fr\/wp-json\/wp\/v2\/pages\/149","targetHints":{"allow":["GET"]}}],"collection":[{"href":"https:\/\/www.aaitq.com\/fr\/wp-json\/wp\/v2\/pages"}],"about":[{"href":"https:\/\/www.aaitq.com\/fr\/wp-json\/wp\/v2\/types\/page"}],"author":[{"embeddable":true,"href":"https:\/\/www.aaitq.com\/fr\/wp-json\/wp\/v2\/users\/1"}],"replies":[{"embeddable":true,"href":"https:\/\/www.aaitq.com\/fr\/wp-json\/wp\/v2\/comments?post=149"}],"version-history":[{"count":0,"href":"https:\/\/www.aaitq.com\/fr\/wp-json\/wp\/v2\/pages\/149\/revisions"}],"wp:attachment":[{"href":"https:\/\/www.aaitq.com\/fr\/wp-json\/wp\/v2\/media?parent=149"}],"curies":[{"name":"wp","href":"https:\/\/api.w.org\/{rel}","templated":true}]}}